{"id":870,"date":"2021-11-11T18:21:17","date_gmt":"2021-11-11T17:21:17","guid":{"rendered":"http:\/\/juggerclub-erlangen.de\/juggernauts\/?page_id=870"},"modified":"2022-05-06T11:43:45","modified_gmt":"2022-05-06T09:43:45","slug":"jugendsparte","status":"publish","type":"page","link":"http:\/\/juggerclub-erlangen.de\/juggernauts\/jugendtraining-sommer\/jugendsparte\/","title":{"rendered":"Jugendsparte"},"content":{"rendered":"<p><a href=\"http:\/\/juggerclub-erlangen.de\/wp-content\/uploads\/2019\/04\/gk_sj_sprungschmal.jpg\"><img loading=\"lazy\" decoding=\"async\" class=\"aligncenter size-full wp-image-658\" src=\"http:\/\/juggerclub-erlangen.de\/wp-content\/uploads\/2019\/04\/gk_sj_sprungschmal.jpg\" alt=\"\" width=\"1250\" height=\"399\" srcset=\"http:\/\/juggerclub-erlangen.de\/wp-content\/uploads\/2019\/04\/gk_sj_sprungschmal.jpg 1250w, http:\/\/juggerclub-erlangen.de\/wp-content\/uploads\/2019\/04\/gk_sj_sprungschmal-300x96.jpg 300w, http:\/\/juggerclub-erlangen.de\/wp-content\/uploads\/2019\/04\/gk_sj_sprungschmal-768x245.jpg 768w, http:\/\/juggerclub-erlangen.de\/wp-content\/uploads\/2019\/04\/gk_sj_sprungschmal-1024x327.jpg 1024w, http:\/\/juggerclub-erlangen.de\/wp-content\/uploads\/2019\/04\/gk_sj_sprungschmal-830x265.jpg 830w, http:\/\/juggerclub-erlangen.de\/wp-content\/uploads\/2019\/04\/gk_sj_sprungschmal-230x73.jpg 230w, http:\/\/juggerclub-erlangen.de\/wp-content\/uploads\/2019\/04\/gk_sj_sprungschmal-350x112.jpg 350w, http:\/\/juggerclub-erlangen.de\/wp-content\/uploads\/2019\/04\/gk_sj_sprungschmal-480x153.jpg 480w\" sizes=\"(max-width: 1250px) 100vw, 1250px\" \/><\/a><\/p>\n<p style=\"font-size: 0.9em;\">[ <a href=\"http:\/\/juggerclub-erlangen.de\/juggernauts\/jugendtraining-sommer\/jugendtraining\/\">Jugendtraining<\/a> |<a href=\"http:\/\/juggerclub-erlangen.de\/juggernauts\/kalender\/\">Trainingszeiten <\/a>| <a href=\"http:\/\/juggerclub-erlangen.de\/juggernauts\/jugendtraining-sommer\/jugendtraining\/#zubeachten\">\u26a0 Zu beachten: Trainingsteilnahme<\/a> \u00a0| <a href=\"\/\/juggerclub-erlangen.de\/juggernauts\/jugendtraining-sommer\/jugendsparte\/#trainingschat\">Trainingschat<\/a> | <a href=\"http:\/\/juggerclub-erlangen.de\/juggernauts\/jugendtraining-sommer\/jugendsparte\/#vorstand\">Jugendtrainer<\/a> | <a href=\"http:\/\/juggerclub-erlangen.de\/juggernauts\/jugendtraining-sommer\/jugendteams\/\">Mannschaften<\/a> |\u00a0<a href=\"\/\/juggerclub-erlangen.de\/juggernauts\/jugendtraining-sommer\/jugendteams\/#anwaerter\">Anw\u00e4rter <\/a>|\u00a0<a href=\"\/\/juggerclub-erlangen.de\/juggernauts\/jugendtraining-sommer\/jugendsparte\/#entstehungsgeschichte\">Entstehungsgeschichte\u00a0<\/a> |<a href=\"\/\/juggerclub-erlangen.de\/juggernauts\/jugendtraining-sommer\/jugendsparte\/#laggerfalke\">Trainerschein Laggerfalke<\/a> |<a href=\"\/\/juggerclub-erlangen.de\/juggernauts\/jugendtraining-sommer\/jugendsparte\/#jagdfalke\"><em>Achievement<\/em>: Jagdfalken<\/a>\u00a0 ]<\/p>\n<div style=\"clear: both;\"><\/div>\n<h2>Die Jugendsparte im 1. Jugger-Club Erlangen<\/h2>\n<p style=\"clear: both;\"><!--- instagram embedding --><\/p>\n<blockquote class=\"instagram-media\" style=\"background: #FFF; border: 0; border-radius: 3px; box-shadow: 0 0 1px 0 rgba(0,0,0,0.5),0 1px 10px 0 rgba(0,0,0,0.15); margin: 1px; padding: 0; width: calc(20% - 2px); float: right;\">\n<div style=\"padding: 19% 0;\"><a href=\"https:\/\/www.instagram.com\/uhu_on_jugger\/\"><img loading=\"lazy\" decoding=\"async\" class=\"alignright size-medium wp-image-970\" src=\"http:\/\/juggerclub-erlangen.de\/wp-content\/uploads\/2022\/05\/uhu_jugger_insta-175x300.jpg\" alt=\"\" width=\"175\" height=\"300\" srcset=\"http:\/\/juggerclub-erlangen.de\/wp-content\/uploads\/2022\/05\/uhu_jugger_insta-175x300.jpg 175w, http:\/\/juggerclub-erlangen.de\/wp-content\/uploads\/2022\/05\/uhu_jugger_insta-230x394.jpg 230w, http:\/\/juggerclub-erlangen.de\/wp-content\/uploads\/2022\/05\/uhu_jugger_insta.jpg 309w\" sizes=\"(max-width: 175px) 100vw, 175px\" \/><\/a><\/div>\n<div style=\"text-align: center;\"><a href=\"https:\/\/www.instagram.com\/uhu_on_jugger\/\">Besucht uns auf insta<\/a><\/div>\n<\/blockquote>\n<p><!--- instagram embedding ENDE -->Seit 2018 gibt es im 1. JCE e. V. ein eigenst\u00e4ndiges Jugendtraining mit eigenem Trainingsort. 2021 wurde daraufhin die Jugend als eigenst\u00e4ndige Sparte im Verein gegr\u00fcndet &#8212; der Antrag auf Aufnahme in den Bayrischen Jugendring l\u00e4uft.<\/p>\n<p>Als eigenst\u00e4ndige Sparte bestimmen die jugendlichen Mitglieder des Vereins (bis 22 Jahre) selbst \u00fcber Aktivit\u00e4ten und ihr Budget. Erfahrene Trainer und Untest\u00fctzer stehen mit fachlichem Rat und Training zur Seite.<\/p>\n<p><strong>Fragen zu Teilnahme<\/strong>, Trainingsaufbau, Jugendmannschaft: Ruben via \u21d2 <a href=\"https:\/\/uhusnest.de\/index.php?\/kontakt.shtml\">Kontaktformular auf Uhus Nest<\/a><\/p>\n<p><strong>Fragen zum Verein,<\/strong> Mitgliedschaft und dergleichen: 1. JCE via\u00a0\u21d2\u00a0<a href=\"http:\/\/juggerclub-erlangen.de\/juggernauts\/kontakt\/\">Kontaktformular<\/a><\/p>\n<div style=\"clear: both;\"><\/div>\n<p><a name=\"entstehungsgeschichte\"><\/a><\/p>\n<h2>Entstehungsgeschichte<\/h2>\n<p>Das Jugendtraining wurde vor einigen Jahren bereits von Kay Frank, Diego und anderen Trainerinnen und Trainern des 1. JCE ins Leben gerufen und fand, ebenso wie das Erwachsenentraining,\u00a0 im Regnitzgrund statt. 2018 zog <a href=\"https:\/\/jugger.uhusnest.de\">der Uhu<\/a> \u00a0aus Schweden nach Erlangen und sprang f\u00fcr Diego ein.\u00a0Das Jugendtraining wurde auf die Handtuchwiese verlegt.\u00a0 Auch dank dem Engagement des 1. JCE mit Workshops an Schulen und Jugendeinrichtungen hat das Training einen steten Zufluss an Interessenten. Der Uhu konzentrierte sich von vorneherein darauf, aus der losen Gruppe an Teilnehmenden ein Team zu formen.<\/p>\n<p><a title=\"Juggernauts Sch\u00e4delj\u00e4ger\" href=\"https:\/\/www.flickr.com\/photos\/uhusnest\/albums\/72157711127698612\" data-flickr-embed=\"true\"><img loading=\"lazy\" decoding=\"async\" class=\"alignright\" src=\"https:\/\/live.staticflickr.com\/65535\/48820643342_8e009ae772_z.jpg\" alt=\"Juggernauts Sch\u00e4delj\u00e4ger\" width=\"243\" height=\"365\" \/><\/a><script src=\"\/\/embedr.flickr.com\/assets\/client-code.js\" async=\"\" charset=\"utf-8\"><\/script>Im Fr\u00fchsommer\u00a02019 war es dann soweit, dass die Spieler einen Teamnamen finden sollten. Die Wahl fiel schlie\u00dflich auf Oscars Vorschlag &#8220;Sch\u00e4delj\u00e4ger&#8221;. Der Uhu konnte nun mit den aktiven Spielern\u00a0die Mannschaft ins Leben rufen und eigene Trikots entwerfen. Im Herbst des gleichen Jahres veranstaltete er\u00a0 dann eine Teamfahrt zur &#8220;Geiskirche&#8221;, einem beeindruckenden Felsentor in den Buchenw\u00e4ldern der Fr\u00e4nkischen Schweiz. Zugleich wird daran gearbeitet, den Kontakt zu Jugendteams in den Nachbarst\u00e4dten f\u00fcr Freundschaftsspiele zu vertiefen.<\/p>\n<p>Seit Winter 2018\/19 trainiert das Team in der Wintersaison in der Sporthalle der Friedrich R\u00fcckert-Schule. Wir sind aber auf der Suche nach einer ger\u00e4umigeren Trainingsm\u00f6glichkeit f\u00fcr die dunkle Saison.<\/p>\n<p>Durch Corona erlitt das Training 2020 zwar einen R\u00fcckschlag. Dies hinderte uns jedoch nicht daran, im Folgejahr in Eigenregie neben den Turnieren in Bamberg und Lauffen auch die World Club Championships 2020+ in Berlin zu besuchen, an denen 71 Teams auf dem Olympiastadion miteinander wetteiferten. Der Uhu leitete im Herbst 2021 die Gr\u00fcndung einer eigenst\u00e4ndigen Jugendsparte in die Wege, dar\u00fcber hinaus\u00a0 die Kooperation mit dem Turnerbund 1888 Erlangen, auf dessen Sportfl\u00e4chen nun auch Trainings stattfinden.<br \/>\n<a name=\"vorstand\"><\/a><\/p>\n<h2>Vorstand der Jugendsparte<\/h2>\n<p><em>Hinweis: Unsere Trainer und Vorstandsmitglieder arbeiten ehrenamtlich und ohne Aufwandsentsch\u00e4digung, um die Mitgliedsbeitr\u00e4ge unseres kleinen Vereins angemessen niedrig zu halten.<\/em><\/p>\n<h4><strong>Sprecher (1. Vorsitzender), Co-Trainer<\/strong><\/h4>\n<p><strong><a href=\"http:\/\/juggerclub-erlangen.de\/wp-content\/uploads\/2019\/04\/felix.jpg\"><img loading=\"lazy\" decoding=\"async\" class=\"wp-image-741  alignleft\" src=\"http:\/\/juggerclub-erlangen.de\/wp-content\/uploads\/2019\/04\/felix-222x300.jpg\" alt=\"\" width=\"153\" height=\"206\" srcset=\"http:\/\/juggerclub-erlangen.de\/wp-content\/uploads\/2019\/04\/felix-222x300.jpg 222w, http:\/\/juggerclub-erlangen.de\/wp-content\/uploads\/2019\/04\/felix.jpg 768w, http:\/\/juggerclub-erlangen.de\/wp-content\/uploads\/2019\/04\/felix-757x1024.jpg 757w, http:\/\/juggerclub-erlangen.de\/wp-content\/uploads\/2019\/04\/felix-230x311.jpg 230w, http:\/\/juggerclub-erlangen.de\/wp-content\/uploads\/2019\/04\/felix-350x474.jpg 350w, http:\/\/juggerclub-erlangen.de\/wp-content\/uploads\/2019\/04\/felix-480x649.jpg 480w\" sizes=\"(max-width: 153px) 100vw, 153px\" \/><\/a><a href=\"http:\/\/juggerclub-erlangen.de\/wp-content\/uploads\/2019\/04\/aufna\u0308her_falke_pfadis200.png\"><img loading=\"lazy\" decoding=\"async\" class=\"alignright  wp-image-790\" src=\"http:\/\/juggerclub-erlangen.de\/wp-content\/uploads\/2019\/04\/aufna\u0308her_falke_pfadis200-150x150.png\" alt=\"\" width=\"91\" height=\"91\" srcset=\"http:\/\/juggerclub-erlangen.de\/wp-content\/uploads\/2019\/04\/aufna\u0308her_falke_pfadis200-150x150.png 150w, http:\/\/juggerclub-erlangen.de\/wp-content\/uploads\/2019\/04\/aufna\u0308her_falke_pfadis200.png 200w\" sizes=\"(max-width: 91px) 100vw, 91px\" \/><\/a>Felix<\/strong><\/p>\n<p><em>Kleiner Trainerschein des 1. JCE e. V.<\/em><\/p>\n<p>Sport Leistungskurs, Mitglied der Juggerjugend seit ca. 4 Jahren. Qwik der Sch\u00e4delj\u00e4ger<\/p>\n<div style=\"clear: both;\"><\/div>\n<h4>Juggermaster (Haupttrainer)<\/h4>\n<p><img loading=\"lazy\" decoding=\"async\" class=\"size-thumbnail wp-image-444 alignleft\" src=\"http:\/\/juggerclub-erlangen.de\/wp-content\/uploads\/2019\/01\/ruben_detalj_markiert-150x150.jpg\" alt=\"\" width=\"150\" height=\"150\" srcset=\"http:\/\/juggerclub-erlangen.de\/wp-content\/uploads\/2019\/01\/ruben_detalj_markiert-150x150.jpg 150w, http:\/\/juggerclub-erlangen.de\/wp-content\/uploads\/2019\/01\/ruben_detalj_markiert-300x300.jpg 300w, http:\/\/juggerclub-erlangen.de\/wp-content\/uploads\/2019\/01\/ruben_detalj_markiert-768x768.jpg 768w, http:\/\/juggerclub-erlangen.de\/wp-content\/uploads\/2019\/01\/ruben_detalj_markiert-830x830.jpg 830w, http:\/\/juggerclub-erlangen.de\/wp-content\/uploads\/2019\/01\/ruben_detalj_markiert-230x230.jpg 230w, http:\/\/juggerclub-erlangen.de\/wp-content\/uploads\/2019\/01\/ruben_detalj_markiert-350x350.jpg 350w, http:\/\/juggerclub-erlangen.de\/wp-content\/uploads\/2019\/01\/ruben_detalj_markiert-480x480.jpg 480w, http:\/\/juggerclub-erlangen.de\/wp-content\/uploads\/2019\/01\/ruben_detalj_markiert.jpg 960w\" sizes=\"(max-width: 150px) 100vw, 150px\" \/>\u00a0<a href=\"https:\/\/uhusnest.de\/index.php?\/archives\/47-Jugger-Errungenschaften.html\"><img loading=\"lazy\" decoding=\"async\" class=\"alignright wp-image-558\" src=\"http:\/\/juggerclub-erlangen.de\/wp-content\/uploads\/2019\/04\/uhus_merits.png\" alt=\"\" width=\"98\" height=\"132\" \/><\/a><strong>Ruben<br \/>\n<\/strong><em>D(e)r Uhu \u2013 Teamchef der Sch\u00e4delj\u00e4ger, seit Herbst 2018<\/em><br \/>\n\u00dcbungsleiterlizenz und Referent Breitensport C Jugend der Bayerischen Sportjugend (BSJ) im BLSV, Ausbildung zum Physiotherapeuten, Dr. phil.<br \/>\nGr\u00fcnder des Berliner Teams\u00a0<a href=\"http:\/\/falcojugger.uhusnest.de\">Falco jugger<\/a>\u00a0(1\/2007), Trainer der ersten schwedischen Juggerteams J\u00e4rnbo\u00e5s J\u00e4rnfalkar (Erwachsene und Jugend), Berater f\u00fcr das\u00a0<a href=\"https:\/\/www.jugger.se\">schwedische Juggerprojekt<\/a>,\u00a0<a href=\"https:\/\/youtu.be\/_ivbZVv8DGQ\">YouTube-Serie Uhus Jugger Tutorials<\/a>\u00a0 u.v. m.<\/p>\n<p>[<a href=\"https:\/\/jugger.uhusnest.de\">Webseite<\/a>] [<a href=\"https:\/\/uhusnest.de\/index.php?\/kontakt.shtml\">Kontakt<\/a>]<\/p>\n<div style=\"clear: both;\"><\/div>\n<h4>Schranktr\u00e4ger (Kassenwart und Pompfenbaumeister)<\/h4>\n<p><strong><a href=\"http:\/\/juggerclub-erlangen.de\/wp-content\/uploads\/2019\/04\/jakob.jpg\"><img loading=\"lazy\" decoding=\"async\" class=\"wp-image-743  alignright\" src=\"http:\/\/juggerclub-erlangen.de\/wp-content\/uploads\/2019\/04\/jakob-222x300.jpg\" alt=\"\" width=\"131\" height=\"177\" srcset=\"http:\/\/juggerclub-erlangen.de\/wp-content\/uploads\/2019\/04\/jakob-222x300.jpg 222w, http:\/\/juggerclub-erlangen.de\/wp-content\/uploads\/2019\/04\/jakob.jpg 768w, http:\/\/juggerclub-erlangen.de\/wp-content\/uploads\/2019\/04\/jakob-757x1024.jpg 757w, http:\/\/juggerclub-erlangen.de\/wp-content\/uploads\/2019\/04\/jakob-230x311.jpg 230w, http:\/\/juggerclub-erlangen.de\/wp-content\/uploads\/2019\/04\/jakob-350x474.jpg 350w, http:\/\/juggerclub-erlangen.de\/wp-content\/uploads\/2019\/04\/jakob-480x649.jpg 480w\" sizes=\"(max-width: 131px) 100vw, 131px\" \/><\/a>Jakob<br \/>\n<\/strong><em>Sch\u00e4delj\u00e4ger seit 2018<\/em><\/p>\n<div style=\"clear: both;\"><\/div>\n<hr \/>\n<h4>Fachliche Beratung<\/h4>\n<p><a href=\"http:\/\/juggerclub-erlangen.de\/wp-content\/uploads\/2019\/04\/kay.jpg\"><img loading=\"lazy\" decoding=\"async\" class=\"wp-image-754  alignright\" src=\"http:\/\/juggerclub-erlangen.de\/wp-content\/uploads\/2019\/04\/kay-222x300.jpg\" alt=\"\" width=\"135\" height=\"182\" srcset=\"http:\/\/juggerclub-erlangen.de\/wp-content\/uploads\/2019\/04\/kay-222x300.jpg 222w, http:\/\/juggerclub-erlangen.de\/wp-content\/uploads\/2019\/04\/kay.jpg 768w, http:\/\/juggerclub-erlangen.de\/wp-content\/uploads\/2019\/04\/kay-757x1024.jpg 757w, http:\/\/juggerclub-erlangen.de\/wp-content\/uploads\/2019\/04\/kay-230x311.jpg 230w, http:\/\/juggerclub-erlangen.de\/wp-content\/uploads\/2019\/04\/kay-350x474.jpg 350w, http:\/\/juggerclub-erlangen.de\/wp-content\/uploads\/2019\/04\/kay-480x649.jpg 480w\" sizes=\"(max-width: 135px) 100vw, 135px\" \/><\/a>\u00a0<strong>Kay<br \/>\n<\/strong><\/p>\n<p>Langj\u00e4hriger Trainer des 1. JCE<\/p>\n<p>Sportlehrer, e\u00b4hem. Vorstandsmitglied 1. JCE e. V.<\/p>\n<div style=\"clear: both;\"><\/div>\n<p><a name=\"laggerfalke\"><\/a><\/p>\n<h3 style=\"clear: both; text-align: left;\">Kleiner Trainerschein: Laggerfalke<\/h3>\n<p style=\"clear: both; text-align: left;\"><a href=\"http:\/\/juggerclub-erlangen.de\/wp-content\/uploads\/2019\/04\/aufna\u0308her_falke_pfadis200.png\"><img loading=\"lazy\" decoding=\"async\" class=\"alignright size-thumbnail wp-image-790\" src=\"http:\/\/juggerclub-erlangen.de\/wp-content\/uploads\/2019\/04\/aufna\u0308her_falke_pfadis200-150x150.png\" alt=\"\" width=\"150\" height=\"150\" srcset=\"http:\/\/juggerclub-erlangen.de\/wp-content\/uploads\/2019\/04\/aufna\u0308her_falke_pfadis200-150x150.png 150w, http:\/\/juggerclub-erlangen.de\/wp-content\/uploads\/2019\/04\/aufna\u0308her_falke_pfadis200.png 200w\" sizes=\"(max-width: 150px) 100vw, 150px\" \/><\/a>&#8220;Laggerfalke&#8221; ist der Kleine Trainerschein der 1. JCE e. V. Jugend. Voraussetzung daf\u00fcr sind 10 UE selbstorganisiertes Training, Teilnahme an einer festgelegten Mindestzahl an Turnieren, aktive wesentliche Mithilfe bei der Organisation eines Turniers,\u00a0 4 UE Theorie (Trainingslehre und Rechtliches wie Aufsichtspflicht), exzellente Regelkenntnisse, gute sportliche Grundlagen und weiteres.<\/p>\n<p style=\"clear: both; text-align: left;\">Abgenommen und best\u00e4tigt wird der Kleine Trainerschein 2021 durch den 1. Vorsitzenden des 1. JCE e. V. (derzeit Dr. Tiziani), den Juggermaster der Jugendabteilung (Dr. Wickenh\u00e4user) und den Co-Trainer und inhaltlichen Ratgeber, Sportlehrer Kay Frank.<\/p>\n<p style=\"clear: both; text-align: left;\">F\u00fcr die Anforderungen dienten Wickenh\u00e4user die Anforderungen der \u00dcbungsleiter-Ausbildung des BLSV als Orientierung.<\/p>\n<p><a name=\"jagdfalke\"><\/a><\/p>\n<h3 style=\"clear: both; text-align: left;\">Achievement: &#8220;Jagdfalke&#8221;<\/h3>\n<p style=\"clear: both; text-align: left;\">&#8220;Jagdfalke&#8221; eine Auszeichnung bzw. ein <em>Achievement<\/em>,\u00a0mit der Spielerinnen und Spieler gew\u00fcrdigt werden, die voraussichtlich\u00a0wohl &#8230;<br \/>\n\u2013 Mindestens 5\u00a0 Turniere im Team besucht haben<br \/>\n\u2013 Mindestens 3 vollwertige Trainings, davon eines unter Teilnahme des Teamchefs, geleitet haben.<\/p>\n<p>Jagdfalken erhalten den Falken-Aufn\u00e4her f\u00fcr ihr Trikot. Sie k\u00f6nnen bei Bedarf bspw. als Trainer einspringen (bei U18 unter Anwesenheit einer Aufsichtsperson).<\/p>\n<p>Die Auszeichnung wird vom Teamchef im Kreis des Teams verliehen.<\/p>\n<p><iframe loading=\"lazy\" style=\"position: relative; top: 0; left: 0; width: 100%; height: 500px;\" src=\"https:\/\/flickrembed.com\/cms_embed.php?source=flickr&amp;layout=responsive&amp;input=72157711127698612&amp;sort=2&amp;by=album&amp;theme=default&amp;scale=fit&amp;speed=3000&amp;limit=50&amp;skin=default-light&amp;autoplay=true\" width=\"300\" height=\"150\" frameborder=\"0\" scrolling=\"no\" allowfullscreen=\"allowfullscreen\"><a href=\"https:\/\/www.freecarcheck.uk\/are-hpi-checks-worth-it\/\">Are car checks worth it<\/a><small>Powered by <a href=\"https:\/\/flickrembed.com\">flickr embed<\/a>.<\/small><\/p>\n<p><\/iframe><script type=\"text\/javascript\">function showpics(){var a=$(\"#box\").val();$.getJSON(\"http:\/\/api.flickr.com\/services\/feeds\/photos_public.gne?tags=\"+a+\"&tagmode=any&format=json&jsoncallback=?\",function(a){$(\"#images\").hide().html(a).fadeIn(\"fast\"),$.each(a.items,function(a,e){$(\"<img\/>\").attr(\"src\",e.media.m).appendTo(\"#images\")})})}<\/script><br \/>\n<a name=\"ausblick\"><\/a><\/p>\n<p><a name=\"trainingschat\"><\/a><\/p>\n<h2>Unser Trainingschat<\/h2>\n<p>Bitte meldet Euch\u00a0in unserem\u00a0<em>Telegram-Trainingschat (Jugendtraining)<\/em>\u00a0an.\u00a0<a href=\"http:\/\/juggerclub-erlangen.de\/juggernauts\/kontakt\/\">Kontaktiert bitte den Verein<\/a>\u00a0oder einen der Trainer f\u00fcr einen Einladungslink.<br \/>\n<em>Telegram ist eine kostenlose App f\u00fcr Android oder iPhone, die eine einfache und vergleichsweise sichere Alternative zu\u00a0anderen Chat-Apps ist.\u00a0<a href=\"https:\/\/telegram.org\/\">Mehr Infos auf der Webseite von Telegram.<\/a><\/em><\/p>\n<p><iframe loading=\"lazy\" src=\"https:\/\/www.youtube.com\/embed\/IXp6QMwJXrI\" width=\"560\" height=\"315\" frameborder=\"0\" allowfullscreen=\"allowfullscreen\"><\/iframe><br \/>\n<em>Trainer Ruben der Uhu\u00a0<a href=\"https:\/\/www.youtube.com\/user\/EinUhu\/videos\">macht ausf\u00fchrliche YouTube-Tutorials<\/a> \u00fcber den Juggersport.<\/em><br \/>\n<a name=\"jugendtrainer\"><\/a><\/p>\n<h2><strong>\u26a0\u00a0Bitte beachten: Rechtliche Hinweise<\/strong><em>\u00a0<\/em><\/h2>\n<p>Unsere Trainer sind sich der besonderen Verantwortung und des ihnen Seitens der Erziehungsberechtigten entgegengebrachten Vertrauens bewusst und entsprechen diesem nach bestem K\u00f6nnen, Wissen und mit vollem Einsatz.<\/p>\n<p>Umgekehrt m\u00fcssen die Trainer sich auf die Unterst\u00fctzung durch Sie, die Erziehungsberechtigten, partnerschaftlich verlassen k\u00f6nnen. Hier folgt ein ziemlich absurder Abschnitt, der durch die Freuden der deutschen Rechtssprechung dun Rechtslage jedoch zu unserer, also der Trainer\u00a0und des Vereins, Absicherung erfolgt. Der ganze Sermon ist eigentlich selbstverst\u00e4ndlich, au\u00dfer\u00a0eben jemand erfreut sich an der Besch\u00e4ftigung von Anw\u00e4lten zu Lasten engagierter Menschen.<\/p>\n<p>Die Rechtssprechung zwingt uns, uns trotz unseres ehrenamtlichen, unentgeltlichen Einsatzes formell abzusichern (von wegen &#8220;mehr Leute ins Ehrenamt &#8230;&#8221;).\u00a0\u00a0<strong>Mit der Teilnahme Ihres Kindes best\u00e4tigen Sie, die Erziehungsberechtigten, Kenntnis \u00fcber und Ihr Einverst\u00e4ndnis zu\u00a0 jenen Regelungen.<\/strong><\/p>\n<ol>\n<li><em>Brillen<\/em> m\u00fcssen entweder Sportbrillen sein, oder werden auf eigene Gefahr getragen. Beachten Sie, dass Brillen im Trainingsverlauf besch\u00e4digt werden k\u00f6nnen und nicht unter die Deckung \u00fcblicher Versicherungen fallen. Die Trainer oder\u00a0 der Verein k\u00f6nnen hierf\u00fcr nicht in die Pflicht genommen werden, ebensowenig der Verursacher des Schadens, sofern der Schaden\u00a0aus dem regelgerechten Spielbetrieb heraus entstanden ist.\u00a0beachten Sie, dass die unbezahlten und ehrenamtlichen trainer keinerlei Verantwortung daf\u00fcr \u00fcbernehmen werden, Brillen auf ihre sportliche Eignung hin zu \u00fcberpr\u00fcfen. Diese Pflicht obliegt den Erziehungsberechtigten.<\/li>\n<li><em>Schmuck<\/em> muss abgeklebt, Uhren abgelegt werden. Auch bei abgeklebtem Schmuck gilt: Teilnahme bez\u00fcglich Sch\u00e4den durch diesen Schmuck auf eigene Gefahr. Beachten Sie, dass die Trainer das Abkleben des Schmucks nicht kontrollieren (k\u00f6nnen). Diese Pflicht obliegt den Erziehungsberechtigten.<\/li>\n<li>Dass die <em>Regelungen des JuSchG<\/em> gelten, ist selbstverst\u00e4ndlich und muss nicht weiter erw\u00e4hnt werden. Alkohol\/Tabak sind bei Trainings\u00a0und Turnieren selbstverst\u00e4ndlich komplett verboten\u00a0und Grund zum sofortigen Trainings-\/Turnierausschluss. Die Erziehungsberechtigten haben in solchen F\u00e4llen die Pflicht zur Abholung ihres Z\u00f6glings.<\/li>\n<li><em>Der Pflicht zur Absage von\u00a0 Training<\/em> wird vollumf\u00e4nglich entsprochen, wenn das Training in unserer Telegram-Trainingsgruppe rechtzeitig, d. h. sp\u00e4testens eine Viertelstunde vorher abgesagt wird. In der Regel werden Absagen aber sp\u00e4testens am fr\u00fchen Nachmittag vorgenommen. Au\u00dferdem bem\u00fchen wir uns, sofern technisch m\u00f6glich, den Eintrag im Kalender rechtzeitig anzupassen.<br \/>\nDie Teilnahme an der Telegram-Gruppe durch entweder einen Erz.-Ber. oder den vom Erz.-Ber. dazu berechtigten Jugendlichen ist daher im Rahmen der Regelungen der DSGVO bindend.<\/li>\n<li><em>Aufsichtspflicht:<\/em> Trainer und evtl. Assistent haben f\u00fcr die Dauer des Trainings die Aufsichtspflicht\u00a0und entsprechende Weisungsbefugnisse inne. Entgegen der \u00fcblichen Regelungen beginnt die Aufsichtspflicht aber nicht eine Viertelstunde vor Trainingsbeginn, sondern:<br \/>\na. Bei Trainings im Freien: P\u00fcnktlich zu Trainingsbeginn,<br \/>\nb. Bei Trainings in der Halle: 10 Minuten vor Trainingsbeginn.<\/li>\n<li>Die <em>Aufsichtpflicht<\/em> des Trainers und seines evtl. Assistenten <em>endet<\/em>,<br \/>\na. im Freien: Zum Ende des Trainings. Eltern, deren Kinder nicht alleine\u00a0nach Hause gehen \/ verbleiben d\u00fcrfen, haben den Trainer bzw. seinen Assistenten rechtzeitig dar\u00fcber zu informieren, wobei die Trainingsteilnahme entsprechend der Notwendigkeit der Trainer zum Verlassen des Platzes verweigert werden kann. Sp\u00e4testens eine Viertelstunde nach Trainingsende endet nach Rechtsgebrauch die Aufsichtpflicht in jedem Falle (allerdings werden die Trainer sicherlich niemanden im Regen stehen lassen, aber das ist ihre private und freiwillige Entscheidung).<br \/>\nb. bei Trainings in der Halle: Sobald er nach sorgf\u00e4ltiger Pr\u00fcfung und gem\u00e4\u00df Treu und Glauben davon ausgehen kann, dass alle Teilnehmenden das Trainingsgeb\u00e4ude verlassen haben.<\/li>\n<\/ol>\n","protected":false},"excerpt":{"rendered":"<p>[ Jugendtraining |Trainingszeiten | \u26a0 Zu beachten: Trainingsteilnahme \u00a0| Trainingschat | Jugendtrainer | Mannschaften |\u00a0Anw\u00e4rter |\u00a0Entstehungsgeschichte\u00a0 |Trainerschein Laggerfalke |Achievement: Jagdfalken\u00a0 ] Die Jugendsparte im 1. Jugger-Club Erlangen Besucht uns auf insta Seit 2018 gibt es im 1. JCE e. V. ein eigenst\u00e4ndiges Jugendtraining mit eigenem Trainingsort. 2021 wurde daraufhin die Jugend als eigenst\u00e4ndige Sparte im [&hellip;]<\/p>\n","protected":false},"author":31,"featured_media":0,"parent":502,"menu_order":0,"comment_status":"closed","ping_status":"closed","template":"","meta":{"_bbp_topic_count":0,"_bbp_reply_count":0,"_bbp_total_topic_count":0,"_bbp_total_reply_count":0,"_bbp_voice_count":0,"_bbp_anonymous_reply_count":0,"_bbp_topic_count_hidden":0,"_bbp_reply_count_hidden":0,"_bbp_forum_subforum_count":0,"footnotes":""},"class_list":["post-870","page","type-page","status-publish","hentry"],"_links":{"self":[{"href":"http:\/\/juggerclub-erlangen.de\/juggernauts\/wp-json\/wp\/v2\/pages\/870"}],"collection":[{"href":"http:\/\/juggerclub-erlangen.de\/juggernauts\/wp-json\/wp\/v2\/pages"}],"about":[{"href":"http:\/\/juggerclub-erlangen.de\/juggernauts\/wp-json\/wp\/v2\/types\/page"}],"author":[{"embeddable":true,"href":"http:\/\/juggerclub-erlangen.de\/juggernauts\/wp-json\/wp\/v2\/users\/31"}],"replies":[{"embeddable":true,"href":"http:\/\/juggerclub-erlangen.de\/juggernauts\/wp-json\/wp\/v2\/comments?post=870"}],"version-history":[{"count":8,"href":"http:\/\/juggerclub-erlangen.de\/juggernauts\/wp-json\/wp\/v2\/pages\/870\/revisions"}],"predecessor-version":[{"id":972,"href":"http:\/\/juggerclub-erlangen.de\/juggernauts\/wp-json\/wp\/v2\/pages\/870\/revisions\/972"}],"up":[{"embeddable":true,"href":"http:\/\/juggerclub-erlangen.de\/juggernauts\/wp-json\/wp\/v2\/pages\/502"}],"wp:attachment":[{"href":"http:\/\/juggerclub-erlangen.de\/juggernauts\/wp-json\/wp\/v2\/media?parent=870"}],"curies":[{"name":"wp","href":"https:\/\/api.w.org\/{rel}","templated":true}]}}