{"id":72,"date":"2017-02-09T21:20:05","date_gmt":"2017-02-09T21:20:05","guid":{"rendered":"http:\/\/localhost\/wordpress\/?page_id=72"},"modified":"2019-12-30T11:47:16","modified_gmt":"2019-12-30T10:47:16","slug":"jugger","status":"publish","type":"page","link":"http:\/\/juggerclub-erlangen.de\/juggernauts\/jugger\/","title":{"rendered":"Jugger"},"content":{"rendered":"<h2>Was ist das eigentlich?<\/h2>\n<p>Jugger ist eine Mannschaftssportart, die sich Anfang der 90er Jahre in Deutschland entwickelt hat. Grundlage war der post-apokalyptische Endzeitfilm \u201eJugger \u2013 Kampf der Besten\u201c (engl. \u201eJugger \u2013 Blood of Heroes\u201c), in welchem \u201edie Jugger\u201c von Dorf zu Dorf ziehen und gegen die dortige Juggermannschaft spielen. Aus dem im Film sehr brutal dargestellen Spiel entwickelte sich ein moderner Sport mit sehr genau definierten Regeln, bei dem es um Ausdauer und Geschwindigkeit geht und nicht um Brutalit\u00e4t. Aus den harten Schl\u00e4gen im Film wurde ein leichtes Antippen, sodass die h\u00e4ufigsten Verletzungen sport\u00fcblichen Charakters ohne Gegnereinwirkung sind (wie etwa verstauchte Kn\u00f6chel durch schnelle Richtungswechsel oder \u00e4hnliches). Die Spiele finden h\u00e4ufig ohne Schiedsrichter statt (mit Ausnahme von Turnieren), weshalb die Ehrlichkeit eine zentrale Rolle im Jugger einnimmt. Gerade weil der Sport Ausdauer, Teamgeist und Fairness verbindet und er in jedem Leistungsniveau gespielt werden kann, eignet er sich f\u00fcr Freizeit- aber auch abmitionierte Sportler jeden Alters. Dar\u00fcber hinaus wird Jugger auch in Jugendprogrammen mit dem Schwerpunkt auf Gewalt- und Aggressionsmanagements mit Kindern und Jugendlichen eingesetzt, da der Sport viele Gelegenheiten bietet, das Thema aufzugreifen.<\/p>\n<p>&nbsp;<\/p>\n<h2>Die Regeln<\/h2>\n<div class=\"entry-content\">\n<p>Ein Team besteht aus maximal 8 Spielern, von denen bei jedem Spielzug 5 Spieler gegen 5 gegnerische Spieler antreten. Von den Spielern einer Mannschaft sind 4 mit sog. Pompfen, unseren Sportger\u00e4ten, ausgestattet (die Pompfer), w\u00e4hrend ein Spieler keine Pompfe tr\u00e4gt. Er ist der L\u00e4ufer (auch Qwik genannt). Seine Aufgabe ist es, den Jugg (eierf\u00f6rmiger Ball) in das gegnerische Mal (Tor) zu bringen. Die 4 Pompfer besch\u00fctzen den L\u00e4ufer dabei und k\u00e4mpfen gegen die andere Mannschaft. Wenn ein Spieler (L\u00e4ufer oder Pompfer) von einer Pompfe ber\u00fchrt wurde, ist er eine Zeit lang inaktiv, kniet sich auf den Boden und darf nicht weiter spielen. Daf\u00fcr reicht eine leichte Ber\u00fchrung aus, selbst Kleidungstreffer werden gewertet. Zum Schutz der Spieler ist der Kopf keine Trefferzone. Die inaktive Zeit wird dem Spieler durch eine Trommel angezeigt, die im 1,5-Sekunden-Takt geschlagen wird. Der Spielzug ist beendet, wenn der Jugg in einem der Male abgelegt wurde.<\/p>\n<p>Die genauen Regeln sind noch ein wenig komplexer und werden j\u00e4hrlich aktualisiert. Sie stehen <a href=\"http:\/\/www.jugger.org\/downloads\">hier<\/a> als Download zur Verf\u00fcgung.<\/p>\n<p>&nbsp;<\/p>\n<\/div>\n<h2>Die Sportger\u00e4te (Pompfen)<\/h2>\n<p><strong>Der Stab<\/strong><br \/>\n<img loading=\"lazy\" decoding=\"async\" class=\"alignnone size-medium wp-image-178\" src=\"http:\/\/juggerclub-erlangen.de\/wp-content\/uploads\/2017\/02\/Stab-300x200.jpg\" alt=\"\" width=\"300\" height=\"200\" srcset=\"http:\/\/juggerclub-erlangen.de\/wp-content\/uploads\/2017\/02\/Stab-300x200.jpg 300w, http:\/\/juggerclub-erlangen.de\/wp-content\/uploads\/2017\/02\/Stab-768x512.jpg 768w, http:\/\/juggerclub-erlangen.de\/wp-content\/uploads\/2017\/02\/Stab-1024x683.jpg 1024w, http:\/\/juggerclub-erlangen.de\/wp-content\/uploads\/2017\/02\/Stab-830x553.jpg 830w, http:\/\/juggerclub-erlangen.de\/wp-content\/uploads\/2017\/02\/Stab-230x153.jpg 230w, http:\/\/juggerclub-erlangen.de\/wp-content\/uploads\/2017\/02\/Stab-350x233.jpg 350w, http:\/\/juggerclub-erlangen.de\/wp-content\/uploads\/2017\/02\/Stab-480x320.jpg 480w\" sizes=\"(max-width: 300px) 100vw, 300px\" \/><br \/>\nDer Stab ist 1,80 Meter lang und besteht aus einer Schlagfl\u00e4che, zwei Grifffl\u00e4chen (in dem Fall die orangen Fl\u00e4chen) und einer Blockfl\u00e4che (zwischen den beiden Griffen). Der Stab muss mit beiden H\u00e4nden gef\u00fchrt werden. Das Stechen ist mit dem Stab verboten.<\/p>\n<p><strong>Der Q-Tip<\/strong><br \/>\n<img loading=\"lazy\" decoding=\"async\" class=\"alignnone size-medium wp-image-176\" src=\"http:\/\/juggerclub-erlangen.de\/wp-content\/uploads\/2017\/02\/Q-Tip-300x200.jpg\" alt=\"\" width=\"300\" height=\"200\" srcset=\"http:\/\/juggerclub-erlangen.de\/wp-content\/uploads\/2017\/02\/Q-Tip-300x200.jpg 300w, http:\/\/juggerclub-erlangen.de\/wp-content\/uploads\/2017\/02\/Q-Tip-768x512.jpg 768w, http:\/\/juggerclub-erlangen.de\/wp-content\/uploads\/2017\/02\/Q-Tip-1024x683.jpg 1024w, http:\/\/juggerclub-erlangen.de\/wp-content\/uploads\/2017\/02\/Q-Tip-830x553.jpg 830w, http:\/\/juggerclub-erlangen.de\/wp-content\/uploads\/2017\/02\/Q-Tip-230x153.jpg 230w, http:\/\/juggerclub-erlangen.de\/wp-content\/uploads\/2017\/02\/Q-Tip-350x233.jpg 350w, http:\/\/juggerclub-erlangen.de\/wp-content\/uploads\/2017\/02\/Q-Tip-480x320.jpg 480w\" sizes=\"(max-width: 300px) 100vw, 300px\" \/><br \/>\nDer Q-Tip hat zwei Schlagfl\u00e4chen und in der Mitte eine Griffl\u00e4che. Dort wird er mit beiden H\u00e4nden gehalten. Er ist zwei Meter lang und hat Stechspitzen. Das Stechen ist daher erlaubt.<\/p>\n<p><strong>Die Langpompfe<\/strong><br \/>\n<img loading=\"lazy\" decoding=\"async\" class=\"alignnone size-medium wp-image-182\" src=\"http:\/\/juggerclub-erlangen.de\/wp-content\/uploads\/2017\/02\/Langpompfe-300x200.jpg\" alt=\"\" width=\"300\" height=\"200\" srcset=\"http:\/\/juggerclub-erlangen.de\/wp-content\/uploads\/2017\/02\/Langpompfe-300x200.jpg 300w, http:\/\/juggerclub-erlangen.de\/wp-content\/uploads\/2017\/02\/Langpompfe-768x512.jpg 768w, http:\/\/juggerclub-erlangen.de\/wp-content\/uploads\/2017\/02\/Langpompfe-1024x683.jpg 1024w, http:\/\/juggerclub-erlangen.de\/wp-content\/uploads\/2017\/02\/Langpompfe-830x553.jpg 830w, http:\/\/juggerclub-erlangen.de\/wp-content\/uploads\/2017\/02\/Langpompfe-230x153.jpg 230w, http:\/\/juggerclub-erlangen.de\/wp-content\/uploads\/2017\/02\/Langpompfe-350x233.jpg 350w, http:\/\/juggerclub-erlangen.de\/wp-content\/uploads\/2017\/02\/Langpompfe-480x320.jpg 480w\" sizes=\"(max-width: 300px) 100vw, 300px\" \/><br \/>\nDie Langpompfe ist 1,40 Meter lang. Sie wird mit beiden H\u00e4nden gef\u00fchrt und besteht aus einer Schlagfl\u00e4che inklusive Stechspitze und einer Grifffl\u00e4che. Mit ihr ist das Stechen erlaubt.<\/p>\n<p><strong>Schild und Kurzpompfe<\/strong><br \/>\n<img loading=\"lazy\" decoding=\"async\" class=\"alignnone size-medium wp-image-177\" src=\"http:\/\/juggerclub-erlangen.de\/wp-content\/uploads\/2017\/02\/Schild_KP-300x200.jpg\" alt=\"\" width=\"300\" height=\"200\" srcset=\"http:\/\/juggerclub-erlangen.de\/wp-content\/uploads\/2017\/02\/Schild_KP-300x200.jpg 300w, http:\/\/juggerclub-erlangen.de\/wp-content\/uploads\/2017\/02\/Schild_KP-768x512.jpg 768w, http:\/\/juggerclub-erlangen.de\/wp-content\/uploads\/2017\/02\/Schild_KP-1024x683.jpg 1024w, http:\/\/juggerclub-erlangen.de\/wp-content\/uploads\/2017\/02\/Schild_KP-830x553.jpg 830w, http:\/\/juggerclub-erlangen.de\/wp-content\/uploads\/2017\/02\/Schild_KP-230x153.jpg 230w, http:\/\/juggerclub-erlangen.de\/wp-content\/uploads\/2017\/02\/Schild_KP-350x233.jpg 350w, http:\/\/juggerclub-erlangen.de\/wp-content\/uploads\/2017\/02\/Schild_KP-480x320.jpg 480w\" sizes=\"(max-width: 300px) 100vw, 300px\" \/><br \/>\nDer Schild, der ausschlie\u00dflich zur Verteidigung dient, darf zusammen mit einer Kurzpompfe gef\u00fchrt werden. Die Kurzpompfe ist 85 Zentimeter lang und der Schild hat einen Durchmesser von 60 Zentimetern.<\/p>\n<p><strong>Doppel-Kurzpompfen<\/strong><br \/>\n<img loading=\"lazy\" decoding=\"async\" class=\"alignnone size-medium wp-image-179\" src=\"http:\/\/juggerclub-erlangen.de\/wp-content\/uploads\/2017\/02\/DKP-300x200.jpg\" alt=\"\" width=\"300\" height=\"200\" srcset=\"http:\/\/juggerclub-erlangen.de\/wp-content\/uploads\/2017\/02\/DKP-300x200.jpg 300w, http:\/\/juggerclub-erlangen.de\/wp-content\/uploads\/2017\/02\/DKP-768x512.jpg 768w, http:\/\/juggerclub-erlangen.de\/wp-content\/uploads\/2017\/02\/DKP-1024x683.jpg 1024w, http:\/\/juggerclub-erlangen.de\/wp-content\/uploads\/2017\/02\/DKP-830x553.jpg 830w, http:\/\/juggerclub-erlangen.de\/wp-content\/uploads\/2017\/02\/DKP-230x153.jpg 230w, http:\/\/juggerclub-erlangen.de\/wp-content\/uploads\/2017\/02\/DKP-350x233.jpg 350w, http:\/\/juggerclub-erlangen.de\/wp-content\/uploads\/2017\/02\/DKP-480x320.jpg 480w\" sizes=\"(max-width: 300px) 100vw, 300px\" \/><br \/>\nEs ist erlaubt anstelle eines Schildes und einer Kurzpompfe zwei Kurzpompfen auf dem Feld zu f\u00fchren.<\/p>\n<p><strong>Die Kette<\/strong><br \/>\n<img loading=\"lazy\" decoding=\"async\" class=\"alignnone size-medium wp-image-181\" src=\"http:\/\/juggerclub-erlangen.de\/wp-content\/uploads\/2017\/02\/Kette-300x200.jpg\" alt=\"\" width=\"300\" height=\"200\" srcset=\"http:\/\/juggerclub-erlangen.de\/wp-content\/uploads\/2017\/02\/Kette-300x200.jpg 300w, http:\/\/juggerclub-erlangen.de\/wp-content\/uploads\/2017\/02\/Kette-768x512.jpg 768w, http:\/\/juggerclub-erlangen.de\/wp-content\/uploads\/2017\/02\/Kette-1024x683.jpg 1024w, http:\/\/juggerclub-erlangen.de\/wp-content\/uploads\/2017\/02\/Kette-830x553.jpg 830w, http:\/\/juggerclub-erlangen.de\/wp-content\/uploads\/2017\/02\/Kette-230x153.jpg 230w, http:\/\/juggerclub-erlangen.de\/wp-content\/uploads\/2017\/02\/Kette-350x233.jpg 350w, http:\/\/juggerclub-erlangen.de\/wp-content\/uploads\/2017\/02\/Kette-480x320.jpg 480w\" sizes=\"(max-width: 300px) 100vw, 300px\" \/><br \/>\nDie Kette besteht aus einem Schaumstoffball, Plastik-Kettengliedern und einer Handschlaufe. Sie ist 3,20 Meter lang und der vordere Meter der Kettenglieder ist gepolstert. Der Kettenspieler versucht seinen Gegen\u00fcber mit dem Ball zu treffen, denn nur dieser z\u00e4hlt als Treffer. Dazu wird die Kette geschwungen und bis auf die Handschlaufe losgelassen. Die Kette darf einh\u00e4ndig gef\u00fchrt werden. Jedes Team darf jedoch nur eine Kette im Spiel haben, da gegnerische Spieler bei Ber\u00fchrung des Balls acht Trommelschl\u00e4ge (Steine) inaktiv sind. Bei den anderen Pompfen sind es nur f\u00fcnf Steine.<\/p>\n<p><strong>Jugg und Male<\/strong><br \/>\n<img loading=\"lazy\" decoding=\"async\" class=\"alignnone size-medium wp-image-180\" src=\"http:\/\/juggerclub-erlangen.de\/wp-content\/uploads\/2017\/02\/Jugg_Mal-300x200.jpg\" alt=\"\" width=\"300\" height=\"200\" srcset=\"http:\/\/juggerclub-erlangen.de\/wp-content\/uploads\/2017\/02\/Jugg_Mal-300x200.jpg 300w, http:\/\/juggerclub-erlangen.de\/wp-content\/uploads\/2017\/02\/Jugg_Mal-768x512.jpg 768w, http:\/\/juggerclub-erlangen.de\/wp-content\/uploads\/2017\/02\/Jugg_Mal-1024x683.jpg 1024w, http:\/\/juggerclub-erlangen.de\/wp-content\/uploads\/2017\/02\/Jugg_Mal-830x553.jpg 830w, http:\/\/juggerclub-erlangen.de\/wp-content\/uploads\/2017\/02\/Jugg_Mal-230x153.jpg 230w, http:\/\/juggerclub-erlangen.de\/wp-content\/uploads\/2017\/02\/Jugg_Mal-350x233.jpg 350w, http:\/\/juggerclub-erlangen.de\/wp-content\/uploads\/2017\/02\/Jugg_Mal-480x320.jpg 480w\" sizes=\"(max-width: 300px) 100vw, 300px\" \/><br \/>\nDer Jugg ist der Spielball, die sind Male die Tore. Eine Mannschaft erh\u00e4lt einen Punkt, wenn der Jugg im gegnerischen Mal steckt. Dazu wird der Jugg vom L\u00e4ufer von Hand platziert. Der Jugg darf nicht geschossen, wohl aber geworfen werden.<\/p>\n<h2>Ein kurzes Video \u00fcber Jugger &#8230;<br \/>\n<iframe loading=\"lazy\" src=\"https:\/\/www.youtube-nocookie.com\/embed\/M4-Bi3GnG7I\" width=\"560\" height=\"315\" frameborder=\"0\" allowfullscreen=\"allowfullscreen\"><\/iframe><\/h2>\n","protected":false},"excerpt":{"rendered":"<p>Was ist das eigentlich? Jugger ist eine Mannschaftssportart, die sich Anfang der 90er Jahre in Deutschland entwickelt hat. Grundlage war der post-apokalyptische Endzeitfilm \u201eJugger \u2013 Kampf der Besten\u201c (engl. \u201eJugger \u2013 Blood of Heroes\u201c), in welchem \u201edie Jugger\u201c von Dorf zu Dorf ziehen und gegen die dortige Juggermannschaft spielen. Aus dem im Film sehr brutal [&hellip;]<\/p>\n","protected":false},"author":8,"featured_media":0,"parent":0,"menu_order":0,"comment_status":"closed","ping_status":"closed","template":"","meta":{"_bbp_topic_count":0,"_bbp_reply_count":0,"_bbp_total_topic_count":0,"_bbp_total_reply_count":0,"_bbp_voice_count":0,"_bbp_anonymous_reply_count":0,"_bbp_topic_count_hidden":0,"_bbp_reply_count_hidden":0,"_bbp_forum_subforum_count":0,"footnotes":""},"class_list":["post-72","page","type-page","status-publish","hentry"],"_links":{"self":[{"href":"http:\/\/juggerclub-erlangen.de\/juggernauts\/wp-json\/wp\/v2\/pages\/72"}],"collection":[{"href":"http:\/\/juggerclub-erlangen.de\/juggernauts\/wp-json\/wp\/v2\/pages"}],"about":[{"href":"http:\/\/juggerclub-erlangen.de\/juggernauts\/wp-json\/wp\/v2\/types\/page"}],"author":[{"embeddable":true,"href":"http:\/\/juggerclub-erlangen.de\/juggernauts\/wp-json\/wp\/v2\/users\/8"}],"replies":[{"embeddable":true,"href":"http:\/\/juggerclub-erlangen.de\/juggernauts\/wp-json\/wp\/v2\/comments?post=72"}],"version-history":[{"count":7,"href":"http:\/\/juggerclub-erlangen.de\/juggernauts\/wp-json\/wp\/v2\/pages\/72\/revisions"}],"predecessor-version":[{"id":777,"href":"http:\/\/juggerclub-erlangen.de\/juggernauts\/wp-json\/wp\/v2\/pages\/72\/revisions\/777"}],"wp:attachment":[{"href":"http:\/\/juggerclub-erlangen.de\/juggernauts\/wp-json\/wp\/v2\/media?parent=72"}],"curies":[{"name":"wp","href":"https:\/\/api.w.org\/{rel}","templated":true}]}}