{"id":28,"date":"2017-02-02T01:04:09","date_gmt":"2017-02-02T00:04:09","guid":{"rendered":"http:\/\/localhost\/wordpress\/?page_id=2"},"modified":"2021-11-29T11:22:31","modified_gmt":"2021-11-29T10:22:31","slug":"juggernauts","status":"publish","type":"page","link":"http:\/\/juggerclub-erlangen.de\/juggernauts\/","title":{"rendered":"Home"},"content":{"rendered":"<p>Herzlich Willkommen auf der Website des \u201e1. Jugger-Club Erlangen e.V.\u201c. Wir w\u00fcnschen Euch viel Spa\u00df beim Durchst\u00f6bern unserer Website und Kennenlernen des Sports Jugger. Schaut doch mal in unserem Forum vorbei oder besucht eines unserer Trainings. Die Orte und Termine findet&nbsp; Ihr im Kalender.<\/p>\n<p>&nbsp;<\/p>\n<p><code><\/code><\/p>\n<p><code><\/code><\/p>\n","protected":false},"excerpt":{"rendered":"<p>Herzlich Willkommen auf der Website des \u201e1. Jugger-Club Erlangen e.V.\u201c. Wir w\u00fcnschen Euch viel Spa\u00df beim Durchst\u00f6bern unserer Website und Kennenlernen des Sports Jugger. Schaut doch mal in unserem Forum vorbei oder besucht eines unserer Trainings. Die Orte und Termine findet&nbsp; Ihr im Kalender. &nbsp;<\/p>\n","protected":false},"author":1,"featured_media":0,"parent":0,"menu_order":0,"comment_status":"closed","ping_status":"closed","template":"","meta":{"_bbp_topic_count":0,"_bbp_reply_count":0,"_bbp_total_topic_count":0,"_bbp_total_reply_count":0,"_bbp_voice_count":0,"_bbp_anonymous_reply_count":0,"_bbp_topic_count_hidden":0,"_bbp_reply_count_hidden":0,"_bbp_forum_subforum_count":0,"footnotes":""},"class_list":["post-28","page","type-page","status-publish","hentry"],"_links":{"self":[{"href":"http:\/\/juggerclub-erlangen.de\/juggernauts\/wp-json\/wp\/v2\/pages\/28"}],"collection":[{"href":"http:\/\/juggerclub-erlangen.de\/juggernauts\/wp-json\/wp\/v2\/pages"}],"about":[{"href":"http:\/\/juggerclub-erlangen.de\/juggernauts\/wp-json\/wp\/v2\/types\/page"}],"author":[{"embeddable":true,"href":"http:\/\/juggerclub-erlangen.de\/juggernauts\/wp-json\/wp\/v2\/users\/1"}],"replies":[{"embeddable":true,"href":"http:\/\/juggerclub-erlangen.de\/juggernauts\/wp-json\/wp\/v2\/comments?post=28"}],"version-history":[{"count":9,"href":"http:\/\/juggerclub-erlangen.de\/juggernauts\/wp-json\/wp\/v2\/pages\/28\/revisions"}],"predecessor-version":[{"id":888,"href":"http:\/\/juggerclub-erlangen.de\/juggernauts\/wp-json\/wp\/v2\/pages\/28\/revisions\/888"}],"wp:attachment":[{"href":"http:\/\/juggerclub-erlangen.de\/juggernauts\/wp-json\/wp\/v2\/media?parent=28"}],"curies":[{"name":"wp","href":"https:\/\/api.w.org\/{rel}","templated":true}]}}