{"id":187,"date":"2017-05-03T22:28:14","date_gmt":"2017-05-03T20:28:14","guid":{"rendered":"http:\/\/juggerclub-erlangen.de\/?page_id=187"},"modified":"2018-01-12T14:22:15","modified_gmt":"2018-01-12T13:22:15","slug":"presse","status":"publish","type":"page","link":"http:\/\/juggerclub-erlangen.de\/juggernauts\/presse\/","title":{"rendered":"Presse"},"content":{"rendered":"<p>Wir freuen uns \u00fcber Ihr Interesse an unserem Sport und unserem Verein. Wenn Sie Fragen haben oder uns im Training besuchen m\u00f6chten, d\u00fcrfen Sie uns gerne per Email (<a href=\"mailto:jc-erlangen@web.de\">jc-erlangen[at]web.de<\/a>) kontaktieren.<\/p>\n<p>Hier einige Berichte \u00fcber uns:<\/p>\n<p><a href=\"http:\/\/juggerclub-erlangen.de\/wp-content\/uploads\/2017\/05\/nuernberger_nachrichten_20161108_16.pdf\">N\u00fcrnberger Nachrichten<br \/>\n<\/a><a href=\"http:\/\/www.samson-magazin.de\/ssoauth\/sonderausgabe-1.4730136\/2.9858\">Samson Magazin<\/a><\/p>\n","protected":false},"excerpt":{"rendered":"<p>Wir freuen uns \u00fcber Ihr Interesse an unserem Sport und unserem Verein. Wenn Sie Fragen haben oder uns im Training besuchen m\u00f6chten, d\u00fcrfen Sie uns gerne per Email (jc-erlangen[at]web.de) kontaktieren. Hier einige Berichte \u00fcber uns: N\u00fcrnberger Nachrichten Samson Magazin<\/p>\n","protected":false},"author":1,"featured_media":0,"parent":0,"menu_order":0,"comment_status":"closed","ping_status":"closed","template":"","meta":{"_bbp_topic_count":0,"_bbp_reply_count":0,"_bbp_total_topic_count":0,"_bbp_total_reply_count":0,"_bbp_voice_count":0,"_bbp_anonymous_reply_count":0,"_bbp_topic_count_hidden":0,"_bbp_reply_count_hidden":0,"_bbp_forum_subforum_count":0,"footnotes":""},"class_list":["post-187","page","type-page","status-publish","hentry"],"_links":{"self":[{"href":"http:\/\/juggerclub-erlangen.de\/juggernauts\/wp-json\/wp\/v2\/pages\/187"}],"collection":[{"href":"http:\/\/juggerclub-erlangen.de\/juggernauts\/wp-json\/wp\/v2\/pages"}],"about":[{"href":"http:\/\/juggerclub-erlangen.de\/juggernauts\/wp-json\/wp\/v2\/types\/page"}],"author":[{"embeddable":true,"href":"http:\/\/juggerclub-erlangen.de\/juggernauts\/wp-json\/wp\/v2\/users\/1"}],"replies":[{"embeddable":true,"href":"http:\/\/juggerclub-erlangen.de\/juggernauts\/wp-json\/wp\/v2\/comments?post=187"}],"version-history":[{"count":5,"href":"http:\/\/juggerclub-erlangen.de\/juggernauts\/wp-json\/wp\/v2\/pages\/187\/revisions"}],"predecessor-version":[{"id":319,"href":"http:\/\/juggerclub-erlangen.de\/juggernauts\/wp-json\/wp\/v2\/pages\/187\/revisions\/319"}],"wp:attachment":[{"href":"http:\/\/juggerclub-erlangen.de\/juggernauts\/wp-json\/wp\/v2\/media?parent=187"}],"curies":[{"name":"wp","href":"https:\/\/api.w.org\/{rel}","templated":true}]}}